{"id":16,"date":"2020-04-15T19:38:55","date_gmt":"2020-04-15T22:38:55","guid":{"rendered":"http:\/\/3.217.52.19\/?page_id=16"},"modified":"2020-04-15T19:38:55","modified_gmt":"2020-04-15T22:38:55","slug":"usos-e-quarentena","status":"publish","type":"page","link":"http:\/\/drogasnaquarentena.org\/?page_id=16","title":{"rendered":"Usos e quarentena"},"content":{"rendered":"\t\t<div data-elementor-type=\"wp-page\" data-elementor-id=\"16\" class=\"elementor elementor-16\" data-elementor-settings=\"[]\">\n\t\t\t<div class=\"elementor-inner\">\n\t\t\t\t<div class=\"elementor-section-wrap\">\n\t\t\t\t\t\t\t<section class=\"elementor-element elementor-element-4105469 elementor-section-height-min-height elementor-section-boxed elementor-section-height-default elementor-section-items-middle elementor-section elementor-top-section\" data-id=\"4105469\" data-element_type=\"section\" data-settings=\"{&quot;background_background&quot;:&quot;classic&quot;}\">\n\t\t\t\t\t\t<div class=\"elementor-container elementor-column-gap-wider\">\n\t\t\t\t<div class=\"elementor-row\">\n\t\t\t\t<main class=\"make-column-clickable-elementor elementor-element elementor-element-3fae424 elementor-column elementor-col-100 elementor-top-column\" style=\"cursor: pointer;\" data-column-clickable=\"http:\/\/drogasnaquarentena.org\" data-column-clickable-blank=\"_self\" data-id=\"3fae424\" data-element_type=\"column\">\n\t\t\t<div class=\"elementor-column-wrap  elementor-element-populated\">\n\t\t\t\t\t<div class=\"elementor-widget-wrap\">\n\t\t\t\t<div class=\"elementor-element elementor-element-f15c72a elementor-widget elementor-widget-heading\" data-id=\"f15c72a\" data-element_type=\"widget\" data-widget_type=\"heading.default\">\n\t\t\t\t<div class=\"elementor-widget-container\">\n\t\t\t<h2 class=\"elementor-heading-title elementor-size-default\"><a href=\"http:\/\/drogasnaquarentena.org\/\">Drogas na quarentena<\/a><\/h2>\t\t<\/div>\n\t\t\t\t<\/div>\n\t\t\t\t\t\t<\/div>\n\t\t\t<\/div>\n\t\t<\/main>\n\t\t\t\t\t\t<\/div>\n\t\t\t<\/div>\n\t\t<\/section>\n\t\t\t\t<section class=\"elementor-element elementor-element-5784de00 elementor-section-boxed elementor-section-height-default elementor-section-height-default elementor-section elementor-top-section\" data-id=\"5784de00\" data-element_type=\"section\" data-settings=\"{&quot;background_background&quot;:&quot;classic&quot;}\">\n\t\t\t\t\t\t<div class=\"elementor-container elementor-column-gap-extended\">\n\t\t\t\t<div class=\"elementor-row\">\n\t\t\t\t<div class=\"elementor-element elementor-element-56a71c14 elementor-column elementor-col-100 elementor-top-column\" data-id=\"56a71c14\" data-element_type=\"column\">\n\t\t\t<div class=\"elementor-column-wrap  elementor-element-populated\">\n\t\t\t\t\t<div class=\"elementor-widget-wrap\">\n\t\t\t\t<div class=\"elementor-element elementor-element-4b5a0bea elementor-widget elementor-widget-text-editor\" data-id=\"4b5a0bea\" data-element_type=\"widget\" data-widget_type=\"text-editor.default\">\n\t\t\t\t<div class=\"elementor-widget-container\">\n\t\t\t\t\t<div class=\"elementor-text-editor elementor-clearfix\"><p><span style=\"font-weight: 400;\">A pandemia do Coronav\u00edrus pegou a todos e todas n\u00f3s de surpresa. Em pouco tempo, os casos come\u00e7aram a surgir e a aumentar em todo o mundo e, com isso, precisamos estar atentos\/as com as medidas de preven\u00e7\u00e3o e precau\u00e7\u00e3o. Sobretudo os\/as usu\u00e1rios\/as de subst\u00e2ncias psicoativas. E assim como j\u00e1 ocorreu em outras situa\u00e7\u00f5es emergenciais no passado, a redu\u00e7\u00e3o de danos se apresenta como crucial para redobrarmos os nossos cuidados.<\/span><\/p><\/div>\n\t\t\t\t<\/div>\n\t\t\t\t<\/div>\n\t\t\t\t<div class=\"elementor-element elementor-element-57c4058d elementor-widget elementor-widget-text-editor\" data-id=\"57c4058d\" data-element_type=\"widget\" data-widget_type=\"text-editor.default\">\n\t\t\t\t<div class=\"elementor-widget-container\">\n\t\t\t\t\t<div class=\"elementor-text-editor elementor-clearfix\"><p><span style=\"font-weight: 400;\">Neste sentido, a campanha Drogas na 40Tena tamb\u00e9m surge para informar aos\/\u00e0s usu\u00e1rios\/as de SPAs orienta\u00e7\u00f5es importantes diante a pandemia. Algumas, j\u00e1 sabemos, como n\u00e3o compartilhar objetos e fazer a higieniza\u00e7\u00e3o destes recipientes, outras s\u00e3o novidade: t\u00e1 liberado ser m\u00e3o de cola! Fa\u00e7a uso da maconha e de outras drogas de forma individual e evite contato f\u00edsico com outras pessoas durante e logo ap\u00f3s o uso.<\/span><\/p><\/div>\n\t\t\t\t<\/div>\n\t\t\t\t<\/div>\n\t\t\t\t<div class=\"elementor-element elementor-element-6625e9e elementor-widget elementor-widget-text-editor\" data-id=\"6625e9e\" data-element_type=\"widget\" data-widget_type=\"text-editor.default\">\n\t\t\t\t<div class=\"elementor-widget-container\">\n\t\t\t\t\t<div class=\"elementor-text-editor elementor-clearfix\"><p><span style=\"font-weight: 400;\">Outra coisa: n\u00e3o duvidem do Coronav\u00edrus. Fritem em casa! Fiquem em casa! Caso algu\u00e9m precise sair para comprar as subst\u00e2ncias \u00e9 fundamental que n\u00e3o esque\u00e7a de se proteger com o uso de m\u00e1scara, roupas como blusas de manga e cal\u00e7as e manter uma dist\u00e2ncia de outras pessoas de no m\u00ednimo dois metros. Assim como a Iniciativa Negra por uma Nova Pol\u00edtica sobre Drogas (INNPD) e a Plataforma Brasileira de Pol\u00edticas de Drogas (PBPD), diversas redes, organiza\u00e7\u00f5es, grupos e coletivos est\u00e3o se mobilizando para minimizar os danos causados pelo coronav\u00edrus e suas consequ\u00eancias sociais no que tange ao uso de drogas durante a quarentena. Elencamos algumas:<\/span><\/p><\/div>\n\t\t\t\t<\/div>\n\t\t\t\t<\/div>\n\t\t\t\t\t\t<\/div>\n\t\t\t<\/div>\n\t\t<\/div>\n\t\t\t\t\t\t<\/div>\n\t\t\t<\/div>\n\t\t<\/section>\n\t\t\t\t<section class=\"elementor-element elementor-element-76df9065 elementor-section-boxed elementor-section-height-default elementor-section-height-default elementor-section elementor-top-section\" data-id=\"76df9065\" data-element_type=\"section\">\n\t\t\t\t\t\t<div class=\"elementor-container elementor-column-gap-wider\">\n\t\t\t\t<div class=\"elementor-row\">\n\t\t\t\t<div class=\"elementor-element elementor-element-26a5b3ba elementor-column elementor-col-100 elementor-top-column\" data-id=\"26a5b3ba\" data-element_type=\"column\" data-settings=\"{&quot;background_background&quot;:&quot;classic&quot;}\">\n\t\t\t<div class=\"elementor-column-wrap  elementor-element-populated\">\n\t\t\t\t\t<div class=\"elementor-widget-wrap\">\n\t\t\t\t<div class=\"elementor-element elementor-element-55d31293 elementor-position-left elementor-vertical-align-middle elementor-widget elementor-widget-image-box\" data-id=\"55d31293\" data-element_type=\"widget\" data-widget_type=\"image-box.default\">\n\t\t\t\t<div class=\"elementor-widget-container\">\n\t\t\t<div class=\"elementor-image-box-wrapper\"><figure class=\"elementor-image-box-img\"><img width=\"224\" height=\"120\" src=\"http:\/\/drogasnaquarentena.org\/wp-content\/uploads\/2020\/04\/logo-innpd-1.png\" class=\"attachment-full size-full\" alt=\"\" loading=\"lazy\" \/><\/figure><div class=\"elementor-image-box-content\"><h3 class=\"elementor-image-box-title\">#BrisaEmCasa<\/h3><\/div><\/div>\t\t<\/div>\n\t\t\t\t<\/div>\n\t\t\t\t<div class=\"elementor-element elementor-element-a200002 elementor-align-right elementor-widget elementor-widget-button\" data-id=\"a200002\" data-element_type=\"widget\" data-widget_type=\"button.default\">\n\t\t\t\t<div class=\"elementor-widget-container\">\n\t\t\t\t\t<div class=\"elementor-button-wrapper\">\n\t\t\t<a href=\"https:\/\/linktr.ee\/iniciativanegra\" target=\"_blank\" class=\"elementor-button-link elementor-button elementor-size-xl\" role=\"button\">\n\t\t\t\t\t\t<span class=\"elementor-button-content-wrapper\">\n\t\t\t\t\t\t<span class=\"elementor-button-text\">saiba mais<\/span>\n\t\t<\/span>\n\t\t\t\t\t<\/a>\n\t\t<\/div>\n\t\t\t\t<\/div>\n\t\t\t\t<\/div>\n\t\t\t\t\t\t<\/div>\n\t\t\t<\/div>\n\t\t<\/div>\n\t\t\t\t\t\t<\/div>\n\t\t\t<\/div>\n\t\t<\/section>\n\t\t\t\t<section class=\"elementor-element elementor-element-2aff2a5d elementor-section-boxed elementor-section-height-default elementor-section-height-default elementor-section elementor-top-section\" data-id=\"2aff2a5d\" data-element_type=\"section\" data-settings=\"{&quot;background_background&quot;:&quot;classic&quot;}\">\n\t\t\t\t\t\t<div class=\"elementor-container elementor-column-gap-extended\">\n\t\t\t\t<div class=\"elementor-row\">\n\t\t\t\t<div class=\"elementor-element elementor-element-1f9d347a elementor-column elementor-col-100 elementor-top-column\" data-id=\"1f9d347a\" data-element_type=\"column\" data-settings=\"{&quot;background_background&quot;:&quot;classic&quot;}\">\n\t\t\t<div class=\"elementor-column-wrap  elementor-element-populated\">\n\t\t\t\t\t<div class=\"elementor-widget-wrap\">\n\t\t\t\t<div class=\"elementor-element elementor-element-6a50ac9 elementor-widget elementor-widget-heading\" data-id=\"6a50ac9\" data-element_type=\"widget\" data-widget_type=\"heading.default\">\n\t\t\t\t<div class=\"elementor-widget-container\">\n\t\t\t<h2 class=\"elementor-heading-title elementor-size-default\">BR<\/h2>\t\t<\/div>\n\t\t\t\t<\/div>\n\t\t\t\t<div class=\"elementor-element elementor-element-741bcd22 elementor-position-left elementor-vertical-align-top elementor-widget elementor-widget-image-box\" data-id=\"741bcd22\" data-element_type=\"widget\" data-widget_type=\"image-box.default\">\n\t\t\t\t<div class=\"elementor-widget-container\">\n\t\t\t<div class=\"elementor-image-box-wrapper\"><div class=\"elementor-image-box-content\"><h3 class=\"elementor-image-box-title\"><a href=\"http:\/\/www.redlanpud.net\/uncategorized\/reduccion-de-danos-drogas-y-covid-para-latinoamerica\/%20\">Lanpud<\/a><\/h3><p class=\"elementor-image-box-description\">Recomenda\u00e7\u00f5es sobre Redu\u00e7\u00e3o de Danos, Drogas e Covid-19 para Am\u00e9rica Latina e Caribe.<\/p><\/div><\/div>\t\t<\/div>\n\t\t\t\t<\/div>\n\t\t\t\t<div class=\"elementor-element elementor-element-2a4b80af elementor-align-right elementor-widget elementor-widget-button\" data-id=\"2a4b80af\" data-element_type=\"widget\" data-widget_type=\"button.default\">\n\t\t\t\t<div class=\"elementor-widget-container\">\n\t\t\t\t\t<div class=\"elementor-button-wrapper\">\n\t\t\t<a href=\"http:\/\/www.redlanpud.net\/uncategorized\/reduccion-de-danos-drogas-y-covid-para-latinoamerica\/%20\" class=\"elementor-button-link elementor-button elementor-size-xs\" role=\"button\">\n\t\t\t\t\t\t<span class=\"elementor-button-content-wrapper\">\n\t\t\t\t\t\t<span class=\"elementor-button-text\">saiba mais<\/span>\n\t\t<\/span>\n\t\t\t\t\t<\/a>\n\t\t<\/div>\n\t\t\t\t<\/div>\n\t\t\t\t<\/div>\n\t\t\t\t\t\t<\/div>\n\t\t\t<\/div>\n\t\t<\/div>\n\t\t\t\t\t\t<\/div>\n\t\t\t<\/div>\n\t\t<\/section>\n\t\t\t\t<section class=\"elementor-element elementor-element-7ea26f0 elementor-section-boxed elementor-section-height-default elementor-section-height-default elementor-section elementor-top-section\" data-id=\"7ea26f0\" data-element_type=\"section\" data-settings=\"{&quot;background_background&quot;:&quot;classic&quot;}\">\n\t\t\t\t\t\t<div class=\"elementor-container elementor-column-gap-extended\">\n\t\t\t\t<div class=\"elementor-row\">\n\t\t\t\t<div class=\"elementor-element elementor-element-51e50f8 elementor-column elementor-col-100 elementor-top-column\" data-id=\"51e50f8\" data-element_type=\"column\" data-settings=\"{&quot;background_background&quot;:&quot;classic&quot;}\">\n\t\t\t<div class=\"elementor-column-wrap  elementor-element-populated\">\n\t\t\t\t\t<div class=\"elementor-widget-wrap\">\n\t\t\t\t<div class=\"elementor-element elementor-element-af6aa29 elementor-widget elementor-widget-heading\" data-id=\"af6aa29\" data-element_type=\"widget\" data-widget_type=\"heading.default\">\n\t\t\t\t<div class=\"elementor-widget-container\">\n\t\t\t<h2 class=\"elementor-heading-title elementor-size-default\">BR<\/h2>\t\t<\/div>\n\t\t\t\t<\/div>\n\t\t\t\t<div class=\"elementor-element elementor-element-afa0c30 elementor-position-left elementor-vertical-align-top elementor-widget elementor-widget-image-box\" data-id=\"afa0c30\" data-element_type=\"widget\" data-widget_type=\"image-box.default\">\n\t\t\t\t<div class=\"elementor-widget-container\">\n\t\t\t<div class=\"elementor-image-box-wrapper\"><div class=\"elementor-image-box-content\"><h3 class=\"elementor-image-box-title\"><a href=\"http:\/\/www.justificando.com\/2020\/04\/02\/gabriel-pedroza-explica-em-video-como-fazer-reducao-de-danos-em-tempos-de-pandemia\/\">Programa Que Droga \u00c9 Essa<\/a><\/h3><p class=\"elementor-image-box-description\">Dicas de redu\u00e7\u00e3o de danos em tempos de pandemia.<\/p><\/div><\/div>\t\t<\/div>\n\t\t\t\t<\/div>\n\t\t\t\t<div class=\"elementor-element elementor-element-4729797 elementor-align-right elementor-widget elementor-widget-button\" data-id=\"4729797\" data-element_type=\"widget\" data-widget_type=\"button.default\">\n\t\t\t\t<div class=\"elementor-widget-container\">\n\t\t\t\t\t<div class=\"elementor-button-wrapper\">\n\t\t\t<a href=\"http:\/\/www.justificando.com\/2020\/04\/02\/gabriel-pedroza-explica-em-video-como-fazer-reducao-de-danos-em-tempos-de-pandemia\/\" class=\"elementor-button-link elementor-button elementor-size-xs\" role=\"button\">\n\t\t\t\t\t\t<span class=\"elementor-button-content-wrapper\">\n\t\t\t\t\t\t<span class=\"elementor-button-text\">saiba mais<\/span>\n\t\t<\/span>\n\t\t\t\t\t<\/a>\n\t\t<\/div>\n\t\t\t\t<\/div>\n\t\t\t\t<\/div>\n\t\t\t\t\t\t<\/div>\n\t\t\t<\/div>\n\t\t<\/div>\n\t\t\t\t\t\t<\/div>\n\t\t\t<\/div>\n\t\t<\/section>\n\t\t\t\t<section class=\"elementor-element elementor-element-36c448b elementor-section-boxed elementor-section-height-default elementor-section-height-default elementor-section elementor-top-section\" data-id=\"36c448b\" data-element_type=\"section\" data-settings=\"{&quot;background_background&quot;:&quot;classic&quot;}\">\n\t\t\t\t\t\t<div class=\"elementor-container elementor-column-gap-extended\">\n\t\t\t\t<div class=\"elementor-row\">\n\t\t\t\t<div class=\"elementor-element elementor-element-b068acf elementor-column elementor-col-100 elementor-top-column\" data-id=\"b068acf\" data-element_type=\"column\" data-settings=\"{&quot;background_background&quot;:&quot;classic&quot;}\">\n\t\t\t<div class=\"elementor-column-wrap  elementor-element-populated\">\n\t\t\t\t\t<div class=\"elementor-widget-wrap\">\n\t\t\t\t<div class=\"elementor-element elementor-element-0f6a831 elementor-widget elementor-widget-heading\" data-id=\"0f6a831\" data-element_type=\"widget\" data-widget_type=\"heading.default\">\n\t\t\t\t<div class=\"elementor-widget-container\">\n\t\t\t<h2 class=\"elementor-heading-title elementor-size-default\">BR<\/h2>\t\t<\/div>\n\t\t\t\t<\/div>\n\t\t\t\t<div class=\"elementor-element elementor-element-7942518 elementor-position-left elementor-vertical-align-top elementor-widget elementor-widget-image-box\" data-id=\"7942518\" data-element_type=\"widget\" data-widget_type=\"image-box.default\">\n\t\t\t\t<div class=\"elementor-widget-container\">\n\t\t\t<div class=\"elementor-image-box-wrapper\"><div class=\"elementor-image-box-content\"><h3 class=\"elementor-image-box-title\"><a href=\"https:\/\/www.girlsingreen.com\/blog\/2020\/3\/reducao-de-danos-coronavirus\">CORONAV\u00cdRUS E CANNABIS<\/a><\/h3><p class=\"elementor-image-box-description\">REDU\u00c7\u00c3O DE DANOS E SA\u00daDE MENTAL NA QUARENTENA.<\/p><\/div><\/div>\t\t<\/div>\n\t\t\t\t<\/div>\n\t\t\t\t<div class=\"elementor-element elementor-element-e0e4032 elementor-align-right elementor-widget elementor-widget-button\" data-id=\"e0e4032\" data-element_type=\"widget\" data-widget_type=\"button.default\">\n\t\t\t\t<div class=\"elementor-widget-container\">\n\t\t\t\t\t<div class=\"elementor-button-wrapper\">\n\t\t\t<a href=\"https:\/\/www.girlsingreen.com\/blog\/2020\/3\/reducao-de-danos-coronavirus\" class=\"elementor-button-link elementor-button elementor-size-xs\" role=\"button\">\n\t\t\t\t\t\t<span class=\"elementor-button-content-wrapper\">\n\t\t\t\t\t\t<span class=\"elementor-button-text\">saiba mais<\/span>\n\t\t<\/span>\n\t\t\t\t\t<\/a>\n\t\t<\/div>\n\t\t\t\t<\/div>\n\t\t\t\t<\/div>\n\t\t\t\t\t\t<\/div>\n\t\t\t<\/div>\n\t\t<\/div>\n\t\t\t\t\t\t<\/div>\n\t\t\t<\/div>\n\t\t<\/section>\n\t\t\t\t<section class=\"elementor-element elementor-element-5bd78da elementor-section-boxed elementor-section-height-default elementor-section-height-default elementor-section elementor-top-section\" data-id=\"5bd78da\" data-element_type=\"section\" data-settings=\"{&quot;background_background&quot;:&quot;classic&quot;}\">\n\t\t\t\t\t\t<div class=\"elementor-container elementor-column-gap-extended\">\n\t\t\t\t<div class=\"elementor-row\">\n\t\t\t\t<div class=\"elementor-element elementor-element-403aeba elementor-column elementor-col-100 elementor-top-column\" data-id=\"403aeba\" data-element_type=\"column\" data-settings=\"{&quot;background_background&quot;:&quot;classic&quot;}\">\n\t\t\t<div class=\"elementor-column-wrap  elementor-element-populated\">\n\t\t\t\t\t<div class=\"elementor-widget-wrap\">\n\t\t\t\t<div class=\"elementor-element elementor-element-c1fc575 elementor-widget elementor-widget-heading\" data-id=\"c1fc575\" data-element_type=\"widget\" data-widget_type=\"heading.default\">\n\t\t\t\t<div class=\"elementor-widget-container\">\n\t\t\t<h2 class=\"elementor-heading-title elementor-size-default\">SP<\/h2>\t\t<\/div>\n\t\t\t\t<\/div>\n\t\t\t\t<div class=\"elementor-element elementor-element-0094903 elementor-position-left elementor-vertical-align-top elementor-widget elementor-widget-image-box\" data-id=\"0094903\" data-element_type=\"widget\" data-widget_type=\"image-box.default\">\n\t\t\t\t<div class=\"elementor-widget-container\">\n\t\t\t<div class=\"elementor-image-box-wrapper\"><div class=\"elementor-image-box-content\"><h3 class=\"elementor-image-box-title\"><a href=\"https:\/\/edelei.org\/todas-as-vidas-importam-organizacoes-realizam-acao-de-prevencao-ao-coronavirus-na-cracolandia\/\">\u00c9 de Lei<\/a><\/h3><p class=\"elementor-image-box-description\">Cartilha do Centro de Conviv\u00eancia \u00c9 de Lei para popula\u00e7\u00e3o usu\u00e1ria de drogas em situa\u00e7\u00e3o de vulnerabilidade<\/p><\/div><\/div>\t\t<\/div>\n\t\t\t\t<\/div>\n\t\t\t\t<div class=\"elementor-element elementor-element-52da7a2 elementor-align-right elementor-widget elementor-widget-button\" data-id=\"52da7a2\" data-element_type=\"widget\" data-widget_type=\"button.default\">\n\t\t\t\t<div class=\"elementor-widget-container\">\n\t\t\t\t\t<div class=\"elementor-button-wrapper\">\n\t\t\t<a href=\"https:\/\/edelei.org\/todas-as-vidas-importam-organizacoes-realizam-acao-de-prevencao-ao-coronavirus-na-cracolandia\/\" class=\"elementor-button-link elementor-button elementor-size-xs\" role=\"button\">\n\t\t\t\t\t\t<span class=\"elementor-button-content-wrapper\">\n\t\t\t\t\t\t<span class=\"elementor-button-text\">saiba mais<\/span>\n\t\t<\/span>\n\t\t\t\t\t<\/a>\n\t\t<\/div>\n\t\t\t\t<\/div>\n\t\t\t\t<\/div>\n\t\t\t\t\t\t<\/div>\n\t\t\t<\/div>\n\t\t<\/div>\n\t\t\t\t\t\t<\/div>\n\t\t\t<\/div>\n\t\t<\/section>\n\t\t\t\t<section class=\"elementor-element elementor-element-7c0296c elementor-section-boxed elementor-section-height-default elementor-section-height-default elementor-section elementor-top-section\" data-id=\"7c0296c\" data-element_type=\"section\" data-settings=\"{&quot;background_background&quot;:&quot;classic&quot;}\">\n\t\t\t\t\t\t<div class=\"elementor-container elementor-column-gap-extended\">\n\t\t\t\t<div class=\"elementor-row\">\n\t\t\t\t<div class=\"elementor-element elementor-element-99eb0c8 elementor-column elementor-col-100 elementor-top-column\" data-id=\"99eb0c8\" data-element_type=\"column\" data-settings=\"{&quot;background_background&quot;:&quot;classic&quot;}\">\n\t\t\t<div class=\"elementor-column-wrap  elementor-element-populated\">\n\t\t\t\t\t<div class=\"elementor-widget-wrap\">\n\t\t\t\t<div class=\"elementor-element elementor-element-5952697 elementor-widget elementor-widget-heading\" data-id=\"5952697\" data-element_type=\"widget\" data-widget_type=\"heading.default\">\n\t\t\t\t<div class=\"elementor-widget-container\">\n\t\t\t<h2 class=\"elementor-heading-title elementor-size-default\">PA<\/h2>\t\t<\/div>\n\t\t\t\t<\/div>\n\t\t\t\t<div class=\"elementor-element elementor-element-0b04339 elementor-position-left elementor-vertical-align-top elementor-widget elementor-widget-image-box\" data-id=\"0b04339\" data-element_type=\"widget\" data-widget_type=\"image-box.default\">\n\t\t\t\t<div class=\"elementor-widget-container\">\n\t\t\t<div class=\"elementor-image-box-wrapper\"><div class=\"elementor-image-box-content\"><h3 class=\"elementor-image-box-title\"><a href=\"https:\/\/maryjuana.com.br\/2020\/04\/associacao-oferece-cbd-para-medicos-combate-ao-coronavirus\/?fbclid=IwAR2qS9pWeRZJx2RE4ffv1BVcO0swQIhyrQaC-VVZDrwBiDnaHVvXQZQolI4\">Associa\u00e7\u00e3o Brasileira de Apoio Cannabis Esperan\u00e7a (Abrace) oferece CBD para m\u00e9dicos na frente de Combate ao Coronav\u00edrus<\/a><\/h3><\/div><\/div>\t\t<\/div>\n\t\t\t\t<\/div>\n\t\t\t\t<div class=\"elementor-element elementor-element-9150738 elementor-align-right elementor-widget elementor-widget-button\" data-id=\"9150738\" data-element_type=\"widget\" data-widget_type=\"button.default\">\n\t\t\t\t<div class=\"elementor-widget-container\">\n\t\t\t\t\t<div class=\"elementor-button-wrapper\">\n\t\t\t<a href=\"https:\/\/maryjuana.com.br\/2020\/04\/associacao-oferece-cbd-para-medicos-combate-ao-coronavirus\/?fbclid=IwAR2qS9pWeRZJx2RE4ffv1BVcO0swQIhyrQaC-VVZDrwBiDnaHVvXQZQolI4\" class=\"elementor-button-link elementor-button elementor-size-xs\" role=\"button\">\n\t\t\t\t\t\t<span class=\"elementor-button-content-wrapper\">\n\t\t\t\t\t\t<span class=\"elementor-button-text\">saiba mais<\/span>\n\t\t<\/span>\n\t\t\t\t\t<\/a>\n\t\t<\/div>\n\t\t\t\t<\/div>\n\t\t\t\t<\/div>\n\t\t\t\t\t\t<\/div>\n\t\t\t<\/div>\n\t\t<\/div>\n\t\t\t\t\t\t<\/div>\n\t\t\t<\/div>\n\t\t<\/section>\n\t\t\t\t\t\t<\/div>\n\t\t\t<\/div>\n\t\t<\/div>\n\t\t","protected":false},"excerpt":{"rendered":"<p>Drogas na quarentena A pandemia do Coronav\u00edrus pegou a todos e todas n\u00f3s de surpresa. Em pouco tempo, os casos come\u00e7aram a surgir e a aumentar em todo o mundo e, com isso, precisamos estar atentos\/as com as medidas de preven\u00e7\u00e3o e precau\u00e7\u00e3o. Sobretudo os\/as usu\u00e1rios\/as de subst\u00e2ncias psicoativas. E assim como j\u00e1 ocorreu em &hellip;<\/p>\n<p class=\"read-more\"> <a class=\"\" href=\"http:\/\/drogasnaquarentena.org\/?page_id=16\"> <span class=\"screen-reader-text\">Usos e quarentena<\/span> Leia mais &raquo;<\/a><\/p>\n","protected":false},"author":2,"featured_media":0,"parent":0,"menu_order":5,"comment_status":"closed","ping_status":"closed","template":"","meta":[],"_links":{"self":[{"href":"http:\/\/drogasnaquarentena.org\/index.php?rest_route=\/wp\/v2\/pages\/16"}],"collection":[{"href":"http:\/\/drogasnaquarentena.org\/index.php?rest_route=\/wp\/v2\/pages"}],"about":[{"href":"http:\/\/drogasnaquarentena.org\/index.php?rest_route=\/wp\/v2\/types\/page"}],"author":[{"embeddable":true,"href":"http:\/\/drogasnaquarentena.org\/index.php?rest_route=\/wp\/v2\/users\/2"}],"replies":[{"embeddable":true,"href":"http:\/\/drogasnaquarentena.org\/index.php?rest_route=%2Fwp%2Fv2%2Fcomments&post=16"}],"version-history":[{"count":0,"href":"http:\/\/drogasnaquarentena.org\/index.php?rest_route=\/wp\/v2\/pages\/16\/revisions"}],"wp:attachment":[{"href":"http:\/\/drogasnaquarentena.org\/index.php?rest_route=%2Fwp%2Fv2%2Fmedia&parent=16"}],"curies":[{"name":"wp","href":"https:\/\/api.w.org\/{rel}","templated":true}]}}