{"id":14,"date":"2020-04-15T19:38:21","date_gmt":"2020-04-15T22:38:21","guid":{"rendered":"http:\/\/3.217.52.19\/?page_id=14"},"modified":"2020-04-15T19:38:21","modified_gmt":"2020-04-15T22:38:21","slug":"seguranca-publica","status":"publish","type":"page","link":"http:\/\/drogasnaquarentena.org\/?page_id=14","title":{"rendered":"Seguran\u00e7a p\u00fablica"},"content":{"rendered":"\t\t<div data-elementor-type=\"wp-page\" data-elementor-id=\"14\" class=\"elementor elementor-14\" data-elementor-settings=\"[]\">\n\t\t\t<div class=\"elementor-inner\">\n\t\t\t\t<div class=\"elementor-section-wrap\">\n\t\t\t\t\t\t\t<section class=\"elementor-element elementor-element-d9ce5a2 elementor-section-height-min-height elementor-section-boxed elementor-section-height-default elementor-section-items-middle elementor-section elementor-top-section\" data-id=\"d9ce5a2\" data-element_type=\"section\" data-settings=\"{&quot;background_background&quot;:&quot;classic&quot;}\">\n\t\t\t\t\t\t<div class=\"elementor-container elementor-column-gap-wider\">\n\t\t\t\t<div class=\"elementor-row\">\n\t\t\t\t<main class=\"make-column-clickable-elementor elementor-element elementor-element-1b16379 elementor-column elementor-col-100 elementor-top-column\" style=\"cursor: pointer;\" data-column-clickable=\"http:\/\/drogasnaquarentena.org\" data-column-clickable-blank=\"_self\" data-id=\"1b16379\" data-element_type=\"column\">\n\t\t\t<div class=\"elementor-column-wrap  elementor-element-populated\">\n\t\t\t\t\t<div class=\"elementor-widget-wrap\">\n\t\t\t\t<div class=\"elementor-element elementor-element-3a00f98 elementor-widget elementor-widget-heading\" data-id=\"3a00f98\" data-element_type=\"widget\" data-widget_type=\"heading.default\">\n\t\t\t\t<div class=\"elementor-widget-container\">\n\t\t\t<h2 class=\"elementor-heading-title elementor-size-default\"><a href=\"http:\/\/drogasnaquarentena.org\/\">Drogas na quarentena<\/a><\/h2>\t\t<\/div>\n\t\t\t\t<\/div>\n\t\t\t\t\t\t<\/div>\n\t\t\t<\/div>\n\t\t<\/main>\n\t\t\t\t\t\t<\/div>\n\t\t\t<\/div>\n\t\t<\/section>\n\t\t\t\t<section class=\"elementor-element elementor-element-f1a869f elementor-section-boxed elementor-section-height-default elementor-section-height-default elementor-section elementor-top-section\" data-id=\"f1a869f\" data-element_type=\"section\" data-settings=\"{&quot;background_background&quot;:&quot;classic&quot;}\">\n\t\t\t\t\t\t<div class=\"elementor-container elementor-column-gap-extended\">\n\t\t\t\t<div class=\"elementor-row\">\n\t\t\t\t<div class=\"elementor-element elementor-element-1843d829 elementor-column elementor-col-100 elementor-top-column\" data-id=\"1843d829\" data-element_type=\"column\">\n\t\t\t<div class=\"elementor-column-wrap  elementor-element-populated\">\n\t\t\t\t\t<div class=\"elementor-widget-wrap\">\n\t\t\t\t<div class=\"elementor-element elementor-element-7253a240 elementor-widget elementor-widget-text-editor\" data-id=\"7253a240\" data-element_type=\"widget\" data-widget_type=\"text-editor.default\">\n\t\t\t\t<div class=\"elementor-widget-container\">\n\t\t\t\t\t<div class=\"elementor-text-editor elementor-clearfix\"><p><span style=\"font-weight: 400;\">O mundo vive atualmente um cen\u00e1rio de incertezas em decorr\u00eancia do Coronav\u00edrus. Para pa\u00edses como o Brasil, que possuem problemas graves no que tange \u00e0 garantia do direito \u00e0 seguran\u00e7a por parte e dever do Estado, a aten\u00e7\u00e3o e tens\u00e3o s\u00e3o ainda maiores. Quest\u00f5es relacionadas \u00e0s intersec\u00e7\u00f5es do racismo, do machismo, do sexismo, da lgtbfobia, bem como com as desigualdades sociais e econ\u00f4micas que ocorrem diariamente, a partir de uma l\u00f3gica punitivista, poder\u00e3o se agravar no contexto de pandemia.<\/span><\/p><\/div>\n\t\t\t\t<\/div>\n\t\t\t\t<\/div>\n\t\t\t\t<div class=\"elementor-element elementor-element-4b9128bd elementor-widget elementor-widget-text-editor\" data-id=\"4b9128bd\" data-element_type=\"widget\" data-widget_type=\"text-editor.default\">\n\t\t\t\t<div class=\"elementor-widget-container\">\n\t\t\t\t\t<div class=\"elementor-text-editor elementor-clearfix\"><p><span style=\"font-weight: 400;\">Por isso, a campanha Drogas na 40Tena destaca que, em uma sociedade que criminaliza o consumo de drogas, em especial para pessoas negras e pobres, se faz urgente que as pessoas que fazem uso de subst\u00e2ncias psicoativas percebam os poss\u00edveis riscos da pandemia no que tange aos aspectos de seguran\u00e7a, como a perda de liberdades individuais e o retrocesso em direitos conquistados. Assim como a possibilidade de um aumento nos casos de viol\u00eancia, opress\u00e3o e repress\u00e3o.<\/span><\/p><\/div>\n\t\t\t\t<\/div>\n\t\t\t\t<\/div>\n\t\t\t\t<div class=\"elementor-element elementor-element-4436a3f elementor-widget elementor-widget-text-editor\" data-id=\"4436a3f\" data-element_type=\"widget\" data-widget_type=\"text-editor.default\">\n\t\t\t\t<div class=\"elementor-widget-container\">\n\t\t\t\t\t<div class=\"elementor-text-editor elementor-clearfix\"><p><span style=\"font-weight: 400;\">Os impactos e desdobramentos dos problemas socioecon\u00f4micos j\u00e1 existentes e dos que ainda est\u00e3o por vir em decorr\u00eancia do Coronav\u00edrus podem influenciar, durante e ap\u00f3s este per\u00edodo pand\u00eamico, a rela\u00e7\u00e3o de toda a popula\u00e7\u00e3o com os espa\u00e7os p\u00fablicos e privados, bem como nas suas rela\u00e7\u00f5es pessoais cotidianas dentro dos seus lares.\u00a0<\/span><\/p><\/div>\n\t\t\t\t<\/div>\n\t\t\t\t<\/div>\n\t\t\t\t<div class=\"elementor-element elementor-element-eaa005b elementor-widget elementor-widget-text-editor\" data-id=\"eaa005b\" data-element_type=\"widget\" data-widget_type=\"text-editor.default\">\n\t\t\t\t<div class=\"elementor-widget-container\">\n\t\t\t\t\t<div class=\"elementor-text-editor elementor-clearfix\"><p><span style=\"font-weight: 400;\">Assim como a Iniciativa Negra por uma Nova Pol\u00edtica sobre Drogas (INNPD) e a Plataforma Brasileira de Pol\u00edticas de Drogas (PBPD), diversas redes, organiza\u00e7\u00f5es, grupos e coletivos est\u00e3o se mobilizando para minimizar os danos causados pelo coronav\u00edrus e suas consequ\u00eancias sociais no que tange \u00e0 seguran\u00e7a p\u00fablica durante a quarentena. Elencamos algumas:\u00a0<\/span><\/p><\/div>\n\t\t\t\t<\/div>\n\t\t\t\t<\/div>\n\t\t\t\t\t\t<\/div>\n\t\t\t<\/div>\n\t\t<\/div>\n\t\t\t\t\t\t<\/div>\n\t\t\t<\/div>\n\t\t<\/section>\n\t\t\t\t<section class=\"elementor-element elementor-element-22aa0597 elementor-section-boxed elementor-section-height-default elementor-section-height-default elementor-section elementor-top-section\" data-id=\"22aa0597\" data-element_type=\"section\" data-settings=\"{&quot;background_background&quot;:&quot;classic&quot;}\">\n\t\t\t\t\t\t<div class=\"elementor-container elementor-column-gap-extended\">\n\t\t\t\t<div class=\"elementor-row\">\n\t\t\t\t<div class=\"elementor-element elementor-element-1de26223 elementor-column elementor-col-100 elementor-top-column\" data-id=\"1de26223\" data-element_type=\"column\" data-settings=\"{&quot;background_background&quot;:&quot;classic&quot;}\">\n\t\t\t<div class=\"elementor-column-wrap  elementor-element-populated\">\n\t\t\t\t\t<div class=\"elementor-widget-wrap\">\n\t\t\t\t<div class=\"elementor-element elementor-element-e2b4954 elementor-widget elementor-widget-heading\" data-id=\"e2b4954\" data-element_type=\"widget\" data-widget_type=\"heading.default\">\n\t\t\t\t<div class=\"elementor-widget-container\">\n\t\t\t<h2 class=\"elementor-heading-title elementor-size-default\">RJ<\/h2>\t\t<\/div>\n\t\t\t\t<\/div>\n\t\t\t\t<div class=\"elementor-element elementor-element-4ad3831f elementor-position-left elementor-vertical-align-top elementor-widget elementor-widget-image-box\" data-id=\"4ad3831f\" data-element_type=\"widget\" data-widget_type=\"image-box.default\">\n\t\t\t\t<div class=\"elementor-widget-container\">\n\t\t\t<div class=\"elementor-image-box-wrapper\"><div class=\"elementor-image-box-content\"><h3 class=\"elementor-image-box-title\"><a href=\"https:\/\/bit.ly\/covid19nasfavelas\">Campanha COVID 19 nas favelas<\/a><\/h3><p class=\"elementor-image-box-description\">financiamento unificado para contribuir com seis favelas que j\u00e1 tinham colocado iniciativas de solidariedade na rua.<\/p><\/div><\/div>\t\t<\/div>\n\t\t\t\t<\/div>\n\t\t\t\t<div class=\"elementor-element elementor-element-ad7fc0f elementor-align-right elementor-widget elementor-widget-button\" data-id=\"ad7fc0f\" data-element_type=\"widget\" data-widget_type=\"button.default\">\n\t\t\t\t<div class=\"elementor-widget-container\">\n\t\t\t\t\t<div class=\"elementor-button-wrapper\">\n\t\t\t<a href=\"https:\/\/bit.ly\/covid19nasfavelas\" class=\"elementor-button-link elementor-button elementor-size-xs\" role=\"button\">\n\t\t\t\t\t\t<span class=\"elementor-button-content-wrapper\">\n\t\t\t\t\t\t<span class=\"elementor-button-text\">saiba mais<\/span>\n\t\t<\/span>\n\t\t\t\t\t<\/a>\n\t\t<\/div>\n\t\t\t\t<\/div>\n\t\t\t\t<\/div>\n\t\t\t\t\t\t<\/div>\n\t\t\t<\/div>\n\t\t<\/div>\n\t\t\t\t\t\t<\/div>\n\t\t\t<\/div>\n\t\t<\/section>\n\t\t\t\t<section class=\"elementor-element elementor-element-45f0910 elementor-section-boxed elementor-section-height-default elementor-section-height-default elementor-section elementor-top-section\" data-id=\"45f0910\" data-element_type=\"section\" data-settings=\"{&quot;background_background&quot;:&quot;classic&quot;}\">\n\t\t\t\t\t\t<div class=\"elementor-container elementor-column-gap-extended\">\n\t\t\t\t<div class=\"elementor-row\">\n\t\t\t\t<div class=\"elementor-element elementor-element-0eefcc5 elementor-column elementor-col-100 elementor-top-column\" data-id=\"0eefcc5\" data-element_type=\"column\" data-settings=\"{&quot;background_background&quot;:&quot;classic&quot;}\">\n\t\t\t<div class=\"elementor-column-wrap  elementor-element-populated\">\n\t\t\t\t\t<div class=\"elementor-widget-wrap\">\n\t\t\t\t<div class=\"elementor-element elementor-element-eb16b2d elementor-widget elementor-widget-heading\" data-id=\"eb16b2d\" data-element_type=\"widget\" data-widget_type=\"heading.default\">\n\t\t\t\t<div class=\"elementor-widget-container\">\n\t\t\t<h2 class=\"elementor-heading-title elementor-size-default\">RJ<\/h2>\t\t<\/div>\n\t\t\t\t<\/div>\n\t\t\t\t<div class=\"elementor-element elementor-element-135daeb elementor-position-left elementor-vertical-align-top elementor-widget elementor-widget-image-box\" data-id=\"135daeb\" data-element_type=\"widget\" data-widget_type=\"image-box.default\">\n\t\t\t\t<div class=\"elementor-widget-container\">\n\t\t\t<div class=\"elementor-image-box-wrapper\"><div class=\"elementor-image-box-content\"><h3 class=\"elementor-image-box-title\">RAPP - REDE DE APOIO JUR\u00cdDICO \u00c0S PERIFERIAS<\/h3><p class=\"elementor-image-box-description\">Plant\u00e3o para atendimento remoto em caso de viola\u00e7\u00e3o de direitos humanos quando de opera\u00e7\u00f5es policiais: \nPlant\u00e3o: 21. 97125- 3952\n<\/p><\/div><\/div>\t\t<\/div>\n\t\t\t\t<\/div>\n\t\t\t\t\t\t<\/div>\n\t\t\t<\/div>\n\t\t<\/div>\n\t\t\t\t\t\t<\/div>\n\t\t\t<\/div>\n\t\t<\/section>\n\t\t\t\t\t\t<\/div>\n\t\t\t<\/div>\n\t\t<\/div>\n\t\t","protected":false},"excerpt":{"rendered":"<p>Drogas na quarentena O mundo vive atualmente um cen\u00e1rio de incertezas em decorr\u00eancia do Coronav\u00edrus. Para pa\u00edses como o Brasil, que possuem problemas graves no que tange \u00e0 garantia do direito \u00e0 seguran\u00e7a por parte e dever do Estado, a aten\u00e7\u00e3o e tens\u00e3o s\u00e3o ainda maiores. Quest\u00f5es relacionadas \u00e0s intersec\u00e7\u00f5es do racismo, do machismo, do &hellip;<\/p>\n<p class=\"read-more\"> <a class=\"\" href=\"http:\/\/drogasnaquarentena.org\/?page_id=14\"> <span class=\"screen-reader-text\">Seguran\u00e7a p\u00fablica<\/span> Leia mais &raquo;<\/a><\/p>\n","protected":false},"author":2,"featured_media":0,"parent":0,"menu_order":4,"comment_status":"closed","ping_status":"closed","template":"","meta":[],"_links":{"self":[{"href":"http:\/\/drogasnaquarentena.org\/index.php?rest_route=\/wp\/v2\/pages\/14"}],"collection":[{"href":"http:\/\/drogasnaquarentena.org\/index.php?rest_route=\/wp\/v2\/pages"}],"about":[{"href":"http:\/\/drogasnaquarentena.org\/index.php?rest_route=\/wp\/v2\/types\/page"}],"author":[{"embeddable":true,"href":"http:\/\/drogasnaquarentena.org\/index.php?rest_route=\/wp\/v2\/users\/2"}],"replies":[{"embeddable":true,"href":"http:\/\/drogasnaquarentena.org\/index.php?rest_route=%2Fwp%2Fv2%2Fcomments&post=14"}],"version-history":[{"count":0,"href":"http:\/\/drogasnaquarentena.org\/index.php?rest_route=\/wp\/v2\/pages\/14\/revisions"}],"wp:attachment":[{"href":"http:\/\/drogasnaquarentena.org\/index.php?rest_route=%2Fwp%2Fv2%2Fmedia&parent=14"}],"curies":[{"name":"wp","href":"https:\/\/api.w.org\/{rel}","templated":true}]}}