{"id":10,"date":"2020-04-15T19:37:37","date_gmt":"2020-04-15T22:37:37","guid":{"rendered":"http:\/\/3.217.52.19\/?page_id=10"},"modified":"2020-04-15T19:37:37","modified_gmt":"2020-04-15T22:37:37","slug":"sistema-de-justica-e-encarceramento","status":"publish","type":"page","link":"http:\/\/drogasnaquarentena.org\/?page_id=10","title":{"rendered":"Sistema de Justi\u00e7a e encarceramento"},"content":{"rendered":"\t\t<div data-elementor-type=\"wp-page\" data-elementor-id=\"10\" class=\"elementor elementor-10\" data-elementor-settings=\"[]\">\n\t\t\t<div class=\"elementor-inner\">\n\t\t\t\t<div class=\"elementor-section-wrap\">\n\t\t\t\t\t\t\t<section class=\"elementor-element elementor-element-06e0b82 elementor-section-height-min-height elementor-section-boxed elementor-section-height-default elementor-section-items-middle elementor-section elementor-top-section\" data-id=\"06e0b82\" data-element_type=\"section\" data-settings=\"{&quot;background_background&quot;:&quot;classic&quot;}\">\n\t\t\t\t\t\t<div class=\"elementor-container elementor-column-gap-wider\">\n\t\t\t\t<div class=\"elementor-row\">\n\t\t\t\t<main class=\"make-column-clickable-elementor elementor-element elementor-element-e75c3b9 elementor-column elementor-col-100 elementor-top-column\" style=\"cursor: pointer;\" data-column-clickable=\"http:\/\/drogasnaquarentena.org\" data-column-clickable-blank=\"_self\" data-id=\"e75c3b9\" data-element_type=\"column\">\n\t\t\t<div class=\"elementor-column-wrap  elementor-element-populated\">\n\t\t\t\t\t<div class=\"elementor-widget-wrap\">\n\t\t\t\t<div class=\"elementor-element elementor-element-3b54442 elementor-widget elementor-widget-heading\" data-id=\"3b54442\" data-element_type=\"widget\" data-widget_type=\"heading.default\">\n\t\t\t\t<div class=\"elementor-widget-container\">\n\t\t\t<h2 class=\"elementor-heading-title elementor-size-default\"><a href=\"http:\/\/drogasnaquarentena.org\/\">Drogas na quarentena<\/a><\/h2>\t\t<\/div>\n\t\t\t\t<\/div>\n\t\t\t\t\t\t<\/div>\n\t\t\t<\/div>\n\t\t<\/main>\n\t\t\t\t\t\t<\/div>\n\t\t\t<\/div>\n\t\t<\/section>\n\t\t\t\t<section class=\"elementor-element elementor-element-7e51a32 elementor-section-boxed elementor-section-height-default elementor-section-height-default elementor-section elementor-top-section\" data-id=\"7e51a32\" data-element_type=\"section\" data-settings=\"{&quot;background_background&quot;:&quot;classic&quot;}\">\n\t\t\t\t\t\t<div class=\"elementor-container elementor-column-gap-extended\">\n\t\t\t\t<div class=\"elementor-row\">\n\t\t\t\t<div class=\"elementor-element elementor-element-75121cc elementor-column elementor-col-100 elementor-top-column\" data-id=\"75121cc\" data-element_type=\"column\">\n\t\t\t<div class=\"elementor-column-wrap  elementor-element-populated\">\n\t\t\t\t\t<div class=\"elementor-widget-wrap\">\n\t\t\t\t<div class=\"elementor-element elementor-element-f4472ff elementor-widget elementor-widget-text-editor\" data-id=\"f4472ff\" data-element_type=\"widget\" data-widget_type=\"text-editor.default\">\n\t\t\t\t<div class=\"elementor-widget-container\">\n\t\t\t\t\t<div class=\"elementor-text-editor elementor-clearfix\"><p><span style=\"font-weight: 400;\">Diante do cen\u00e1rio de extrema gravidade causado pela pandemia do coronav\u00edrus, \u00e9 urgente concretizar medidas voltadas \u00e0 popula\u00e7\u00e3o em vulnerabilidade, principalmente a carcer\u00e1ria. Em um ambiente extremamente insalubre, que sistematicamente fere direitos humanos, a entrada do coronav\u00edrus se materializa como uma quest\u00e3o de sa\u00fade p\u00fablica que precisa ser cuidada pelo Estado.<\/span><\/p><\/div>\n\t\t\t\t<\/div>\n\t\t\t\t<\/div>\n\t\t\t\t<div class=\"elementor-element elementor-element-96ae1e3 elementor-widget elementor-widget-text-editor\" data-id=\"96ae1e3\" data-element_type=\"widget\" data-widget_type=\"text-editor.default\">\n\t\t\t\t<div class=\"elementor-widget-container\">\n\t\t\t\t\t<div class=\"elementor-text-editor elementor-clearfix\"><p><span style=\"font-weight: 400;\">O Brasil \u00e9 o terceiro pa\u00eds que mais encarcera pessoas no mundo, em celas superlotadas e sem nenhuma condi\u00e7\u00e3o de cumprir as recomenda\u00e7\u00f5es de preven\u00e7\u00e3o do coronav\u00edrus.<\/span><\/p><p><span style=\"font-weight: 400;\">S\u00e3o pessoas negras, jovens e moradoras de regi\u00f5es perif\u00e9ricas, que possuem um hist\u00f3rico de nega\u00e7\u00e3o de acesso a seus direitos. Quase metade delas s\u00e3o acusadas por tr\u00e1fico de drogas, um crime praticado sem viol\u00eancia ou grave amea\u00e7a. Quase metade delas tamb\u00e9m ainda n\u00e3o foi julgada. \u00c9 dever do Estado que as pol\u00edticas de sa\u00fade p\u00fablica para preven\u00e7\u00e3o do coronav\u00edrus contemplem essas pessoas.<\/span><\/p><\/div>\n\t\t\t\t<\/div>\n\t\t\t\t<\/div>\n\t\t\t\t<div class=\"elementor-element elementor-element-dc3a2bc elementor-widget elementor-widget-text-editor\" data-id=\"dc3a2bc\" data-element_type=\"widget\" data-widget_type=\"text-editor.default\">\n\t\t\t\t<div class=\"elementor-widget-container\">\n\t\t\t\t\t<div class=\"elementor-text-editor elementor-clearfix\"><p><span style=\"font-weight: 400;\">Existem diversas organiza\u00e7\u00f5es que est\u00e3o se mobilizando para minimizar os danos causados pelo coronav\u00edrus e suas consequ\u00eancias sociais, por exemplo a suspens\u00e3o de visitas \u00e0s pessoas presas e, com isso, a limita\u00e7\u00e3o do acesso a itens b\u00e1sicos levados por familiares, como comida e itens de higiene.<\/span><\/p><\/div>\n\t\t\t\t<\/div>\n\t\t\t\t<\/div>\n\t\t\t\t<div class=\"elementor-element elementor-element-04552bf elementor-widget elementor-widget-text-editor\" data-id=\"04552bf\" data-element_type=\"widget\" data-widget_type=\"text-editor.default\">\n\t\t\t\t<div class=\"elementor-widget-container\">\n\t\t\t\t\t<div class=\"elementor-text-editor elementor-clearfix\"><p><span style=\"font-weight: 400;\">Tamb\u00e9m s\u00e3o muitas as iniciativas para pressionar o judici\u00e1rio e o Estado a aplicarem medidas desencarceradoras para essa popula\u00e7\u00e3o. Elencamos algumas delas:<\/span><\/p><\/div>\n\t\t\t\t<\/div>\n\t\t\t\t<\/div>\n\t\t\t\t\t\t<\/div>\n\t\t\t<\/div>\n\t\t<\/div>\n\t\t\t\t\t\t<\/div>\n\t\t\t<\/div>\n\t\t<\/section>\n\t\t\t\t<section class=\"elementor-element elementor-element-5f18271 elementor-section-boxed elementor-section-height-default elementor-section-height-default elementor-section elementor-top-section\" data-id=\"5f18271\" data-element_type=\"section\">\n\t\t\t\t\t\t<div class=\"elementor-container elementor-column-gap-wider\">\n\t\t\t\t<div class=\"elementor-row\">\n\t\t\t\t<div class=\"elementor-element elementor-element-2ed93001 elementor-column elementor-col-100 elementor-top-column\" data-id=\"2ed93001\" data-element_type=\"column\" data-settings=\"{&quot;background_background&quot;:&quot;classic&quot;}\">\n\t\t\t<div class=\"elementor-column-wrap  elementor-element-populated\">\n\t\t\t\t\t<div class=\"elementor-widget-wrap\">\n\t\t\t\t<div class=\"elementor-element elementor-element-4a7cf0c elementor-position-left elementor-vertical-align-middle elementor-widget elementor-widget-image-box\" data-id=\"4a7cf0c\" data-element_type=\"widget\" data-widget_type=\"image-box.default\">\n\t\t\t\t<div class=\"elementor-widget-container\">\n\t\t\t<div class=\"elementor-image-box-wrapper\"><figure class=\"elementor-image-box-img\"><img width=\"242\" height=\"141\" src=\"http:\/\/drogasnaquarentena.org\/wp-content\/uploads\/2020\/04\/logo-pbpd3_-1.png\" class=\"attachment-full size-full\" alt=\"\" loading=\"lazy\" \/><\/figure><div class=\"elementor-image-box-content\"><h3 class=\"elementor-image-box-title\">Pris\u00e3o e Coronav\u00edrus: Liberdade \u00e9 uma <br>quest\u00e3o de sa\u00fade p\u00fablica<\/h3><\/div><\/div>\t\t<\/div>\n\t\t\t\t<\/div>\n\t\t\t\t<div class=\"elementor-element elementor-element-2a29cf2b elementor-align-right elementor-widget elementor-widget-button\" data-id=\"2a29cf2b\" data-element_type=\"widget\" data-widget_type=\"button.default\">\n\t\t\t\t<div class=\"elementor-widget-container\">\n\t\t\t\t\t<div class=\"elementor-button-wrapper\">\n\t\t\t<a href=\"http:\/\/pbpd.org.br\/liberdade-e-uma-questao-de-saude-publica\/\" target=\"_blank\" class=\"elementor-button-link elementor-button elementor-size-xl\" role=\"button\">\n\t\t\t\t\t\t<span class=\"elementor-button-content-wrapper\">\n\t\t\t\t\t\t<span class=\"elementor-button-text\">saiba mais<\/span>\n\t\t<\/span>\n\t\t\t\t\t<\/a>\n\t\t<\/div>\n\t\t\t\t<\/div>\n\t\t\t\t<\/div>\n\t\t\t\t\t\t<\/div>\n\t\t\t<\/div>\n\t\t<\/div>\n\t\t\t\t\t\t<\/div>\n\t\t\t<\/div>\n\t\t<\/section>\n\t\t\t\t<section class=\"elementor-element elementor-element-76ba1648 elementor-section-boxed elementor-section-height-default elementor-section-height-default elementor-section elementor-top-section\" data-id=\"76ba1648\" data-element_type=\"section\" data-settings=\"{&quot;background_background&quot;:&quot;classic&quot;}\">\n\t\t\t\t\t\t<div class=\"elementor-container elementor-column-gap-extended\">\n\t\t\t\t<div class=\"elementor-row\">\n\t\t\t\t<div class=\"elementor-element elementor-element-6902696a elementor-column elementor-col-100 elementor-top-column\" data-id=\"6902696a\" data-element_type=\"column\" data-settings=\"{&quot;background_background&quot;:&quot;classic&quot;}\">\n\t\t\t<div class=\"elementor-column-wrap  elementor-element-populated\">\n\t\t\t\t\t<div class=\"elementor-widget-wrap\">\n\t\t\t\t<div class=\"elementor-element elementor-element-b157ac5 elementor-widget elementor-widget-heading\" data-id=\"b157ac5\" data-element_type=\"widget\" data-widget_type=\"heading.default\">\n\t\t\t\t<div class=\"elementor-widget-container\">\n\t\t\t<h2 class=\"elementor-heading-title elementor-size-default\">PE<\/h2>\t\t<\/div>\n\t\t\t\t<\/div>\n\t\t\t\t<div class=\"elementor-element elementor-element-8a6c0be elementor-position-left elementor-vertical-align-top elementor-widget elementor-widget-image-box\" data-id=\"8a6c0be\" data-element_type=\"widget\" data-widget_type=\"image-box.default\">\n\t\t\t\t<div class=\"elementor-widget-container\">\n\t\t\t<div class=\"elementor-image-box-wrapper\"><div class=\"elementor-image-box-content\"><h3 class=\"elementor-image-box-title\"><a href=\"https:\/\/www.facebook.com\/UjimaPovoPreto\/\">Nossa senten\u00e7a n\u00e3o \u00e9 a morte: sa\u00fade nas pris\u00f5es tamb\u00e9m importa!<\/a><\/h3><p class=\"elementor-image-box-description\">Campanha de financiamento coletivo mobilizada pelo coletivo Liberta Elas<\/p><\/div><\/div>\t\t<\/div>\n\t\t\t\t<\/div>\n\t\t\t\t<div class=\"elementor-element elementor-element-645ace80 elementor-align-right elementor-widget elementor-widget-button\" data-id=\"645ace80\" data-element_type=\"widget\" data-widget_type=\"button.default\">\n\t\t\t\t<div class=\"elementor-widget-container\">\n\t\t\t\t\t<div class=\"elementor-button-wrapper\">\n\t\t\t<a href=\"https:\/\/www.vakinha.com.br\/vaquinha\/nossa-sentenca-nao-e-a-morte-saude-nas-prisoes-tambem-importa\" class=\"elementor-button-link elementor-button elementor-size-xs\" role=\"button\">\n\t\t\t\t\t\t<span class=\"elementor-button-content-wrapper\">\n\t\t\t\t\t\t<span class=\"elementor-button-text\">saiba mais<\/span>\n\t\t<\/span>\n\t\t\t\t\t<\/a>\n\t\t<\/div>\n\t\t\t\t<\/div>\n\t\t\t\t<\/div>\n\t\t\t\t\t\t<\/div>\n\t\t\t<\/div>\n\t\t<\/div>\n\t\t\t\t\t\t<\/div>\n\t\t\t<\/div>\n\t\t<\/section>\n\t\t\t\t<section class=\"elementor-element elementor-element-b25e948 elementor-section-boxed elementor-section-height-default elementor-section-height-default elementor-section elementor-top-section\" data-id=\"b25e948\" data-element_type=\"section\" data-settings=\"{&quot;background_background&quot;:&quot;classic&quot;}\">\n\t\t\t\t\t\t<div class=\"elementor-container elementor-column-gap-extended\">\n\t\t\t\t<div class=\"elementor-row\">\n\t\t\t\t<div class=\"elementor-element elementor-element-508650b elementor-column elementor-col-100 elementor-top-column\" data-id=\"508650b\" data-element_type=\"column\" data-settings=\"{&quot;background_background&quot;:&quot;classic&quot;}\">\n\t\t\t<div class=\"elementor-column-wrap  elementor-element-populated\">\n\t\t\t\t\t<div class=\"elementor-widget-wrap\">\n\t\t\t\t<div class=\"elementor-element elementor-element-605e970 elementor-widget elementor-widget-heading\" data-id=\"605e970\" data-element_type=\"widget\" data-widget_type=\"heading.default\">\n\t\t\t\t<div class=\"elementor-widget-container\">\n\t\t\t<h2 class=\"elementor-heading-title elementor-size-default\">SP<\/h2>\t\t<\/div>\n\t\t\t\t<\/div>\n\t\t\t\t<div class=\"elementor-element elementor-element-254edc2 elementor-position-left elementor-vertical-align-top elementor-widget elementor-widget-image-box\" data-id=\"254edc2\" data-element_type=\"widget\" data-widget_type=\"image-box.default\">\n\t\t\t\t<div class=\"elementor-widget-container\">\n\t\t\t<div class=\"elementor-image-box-wrapper\"><div class=\"elementor-image-box-content\"><h3 class=\"elementor-image-box-title\"><a href=\"https:\/\/www.facebook.com\/UjimaPovoPreto\/\">Vidas Carcer\u00e1rias importam<\/a><\/h3><p class=\"elementor-image-box-description\">Campanha de arrecada\u00e7\u00e3o para pessoas em situa\u00e7\u00e3o de pris\u00e3o<\/p><\/div><\/div>\t\t<\/div>\n\t\t\t\t<\/div>\n\t\t\t\t<div class=\"elementor-element elementor-element-6851385 elementor-align-right elementor-widget elementor-widget-button\" data-id=\"6851385\" data-element_type=\"widget\" data-widget_type=\"button.default\">\n\t\t\t\t<div class=\"elementor-widget-container\">\n\t\t\t\t\t<div class=\"elementor-button-wrapper\">\n\t\t\t<a href=\"https:\/\/www.facebook.com\/UjimaPovoPreto\/\" class=\"elementor-button-link elementor-button elementor-size-xs\" role=\"button\">\n\t\t\t\t\t\t<span class=\"elementor-button-content-wrapper\">\n\t\t\t\t\t\t<span class=\"elementor-button-text\">saiba mais<\/span>\n\t\t<\/span>\n\t\t\t\t\t<\/a>\n\t\t<\/div>\n\t\t\t\t<\/div>\n\t\t\t\t<\/div>\n\t\t\t\t\t\t<\/div>\n\t\t\t<\/div>\n\t\t<\/div>\n\t\t\t\t\t\t<\/div>\n\t\t\t<\/div>\n\t\t<\/section>\n\t\t\t\t<section class=\"elementor-element elementor-element-357515e elementor-section-boxed elementor-section-height-default elementor-section-height-default elementor-section elementor-top-section\" data-id=\"357515e\" data-element_type=\"section\" data-settings=\"{&quot;background_background&quot;:&quot;classic&quot;}\">\n\t\t\t\t\t\t<div class=\"elementor-container elementor-column-gap-extended\">\n\t\t\t\t<div class=\"elementor-row\">\n\t\t\t\t<div class=\"elementor-element elementor-element-6f987d7 elementor-column elementor-col-100 elementor-top-column\" data-id=\"6f987d7\" data-element_type=\"column\" data-settings=\"{&quot;background_background&quot;:&quot;classic&quot;}\">\n\t\t\t<div class=\"elementor-column-wrap  elementor-element-populated\">\n\t\t\t\t\t<div class=\"elementor-widget-wrap\">\n\t\t\t\t<div class=\"elementor-element elementor-element-4000b23 elementor-widget elementor-widget-heading\" data-id=\"4000b23\" data-element_type=\"widget\" data-widget_type=\"heading.default\">\n\t\t\t\t<div class=\"elementor-widget-container\">\n\t\t\t<h2 class=\"elementor-heading-title elementor-size-default\">RJ<\/h2>\t\t<\/div>\n\t\t\t\t<\/div>\n\t\t\t\t<div class=\"elementor-element elementor-element-481b86c elementor-position-left elementor-vertical-align-top elementor-widget elementor-widget-image-box\" data-id=\"481b86c\" data-element_type=\"widget\" data-widget_type=\"image-box.default\">\n\t\t\t\t<div class=\"elementor-widget-container\">\n\t\t\t<div class=\"elementor-image-box-wrapper\"><div class=\"elementor-image-box-content\"><h3 class=\"elementor-image-box-title\"><a href=\"https:\/\/coronavirus.rj.def.br\/\">Portal da Defensoria P\u00fablica do Rio de Janeiro<\/a><\/h3><p class=\"elementor-image-box-description\">Site que concentra todas as informa\u00e7\u00f5es da atua\u00e7\u00e3o da Defensoria do Rio de Janeiro durante o coronav\u00edrus. Desde os Polos de Atendimento Remoto, not\u00edcias e dicas de preven\u00e7\u00e3o.<\/p><\/div><\/div>\t\t<\/div>\n\t\t\t\t<\/div>\n\t\t\t\t<div class=\"elementor-element elementor-element-779350f elementor-align-right elementor-widget elementor-widget-button\" data-id=\"779350f\" data-element_type=\"widget\" data-widget_type=\"button.default\">\n\t\t\t\t<div class=\"elementor-widget-container\">\n\t\t\t\t\t<div class=\"elementor-button-wrapper\">\n\t\t\t<a href=\"https:\/\/coronavirus.rj.def.br\/\" class=\"elementor-button-link elementor-button elementor-size-xs\" role=\"button\">\n\t\t\t\t\t\t<span class=\"elementor-button-content-wrapper\">\n\t\t\t\t\t\t<span class=\"elementor-button-text\">saiba mais<\/span>\n\t\t<\/span>\n\t\t\t\t\t<\/a>\n\t\t<\/div>\n\t\t\t\t<\/div>\n\t\t\t\t<\/div>\n\t\t\t\t\t\t<\/div>\n\t\t\t<\/div>\n\t\t<\/div>\n\t\t\t\t\t\t<\/div>\n\t\t\t<\/div>\n\t\t<\/section>\n\t\t\t\t\t\t<\/div>\n\t\t\t<\/div>\n\t\t<\/div>\n\t\t","protected":false},"excerpt":{"rendered":"<p>Drogas na quarentena Diante do cen\u00e1rio de extrema gravidade causado pela pandemia do coronav\u00edrus, \u00e9 urgente concretizar medidas voltadas \u00e0 popula\u00e7\u00e3o em vulnerabilidade, principalmente a carcer\u00e1ria. Em um ambiente extremamente insalubre, que sistematicamente fere direitos humanos, a entrada do coronav\u00edrus se materializa como uma quest\u00e3o de sa\u00fade p\u00fablica que precisa ser cuidada pelo Estado. O &hellip;<\/p>\n<p class=\"read-more\"> <a class=\"\" href=\"http:\/\/drogasnaquarentena.org\/?page_id=10\"> <span class=\"screen-reader-text\">Sistema de Justi\u00e7a e encarceramento<\/span> Leia mais &raquo;<\/a><\/p>\n","protected":false},"author":2,"featured_media":0,"parent":0,"menu_order":2,"comment_status":"closed","ping_status":"closed","template":"","meta":[],"_links":{"self":[{"href":"http:\/\/drogasnaquarentena.org\/index.php?rest_route=\/wp\/v2\/pages\/10"}],"collection":[{"href":"http:\/\/drogasnaquarentena.org\/index.php?rest_route=\/wp\/v2\/pages"}],"about":[{"href":"http:\/\/drogasnaquarentena.org\/index.php?rest_route=\/wp\/v2\/types\/page"}],"author":[{"embeddable":true,"href":"http:\/\/drogasnaquarentena.org\/index.php?rest_route=\/wp\/v2\/users\/2"}],"replies":[{"embeddable":true,"href":"http:\/\/drogasnaquarentena.org\/index.php?rest_route=%2Fwp%2Fv2%2Fcomments&post=10"}],"version-history":[{"count":0,"href":"http:\/\/drogasnaquarentena.org\/index.php?rest_route=\/wp\/v2\/pages\/10\/revisions"}],"wp:attachment":[{"href":"http:\/\/drogasnaquarentena.org\/index.php?rest_route=%2Fwp%2Fv2%2Fmedia&parent=10"}],"curies":[{"name":"wp","href":"https:\/\/api.w.org\/{rel}","templated":true}]}}